{"id":3,"date":"2024-09-28T04:25:57","date_gmt":"2024-09-28T04:25:57","guid":{"rendered":"https:\/\/link-xperts.com\/?page_id=3"},"modified":"2025-03-30T05:38:05","modified_gmt":"2025-03-30T05:38:05","slug":"privacy-policy","status":"publish","type":"page","link":"https:\/\/link-xperts.com\/fr\/privacy-policy\/","title":{"rendered":"Politique de confidentialit\u00e9"},"content":{"rendered":"<p><strong>Collecte des donn\u00e9es<\/strong>: Nous collectons des donn\u00e9es personnelles (nom, adresse \u00e9lectronique, CV, etc.) dans le but de fournir des services de recrutement.<\/p>\n\n\n\n<p><strong>Utilisation et partage des donn\u00e9es<\/strong>: Vos donn\u00e9es peuvent \u00eatre communiqu\u00e9es \u00e0 des employeurs potentiels et \u00e0 des tiers, mais uniquement \u00e0 des fins de recrutement.<\/p>\n\n\n\n<p><strong>S\u00e9curit\u00e9 des donn\u00e9es<\/strong>: Nous nous engageons \u00e0 prot\u00e9ger vos donn\u00e9es \u00e0 caract\u00e8re personnel et \u00e0 respecter les r\u00e8gles suivantes <strong>GDPR<\/strong>. Vos donn\u00e9es seront stock\u00e9es en toute s\u00e9curit\u00e9 et ne seront utilis\u00e9es que pour les activit\u00e9s de recrutement.<\/p>\n\n\n\n<p><strong>Droits de l'utilisateur<\/strong>: Vous avez le droit d'acc\u00e9der \u00e0 vos donn\u00e9es personnelles, de les modifier ou d'en demander la suppression \u00e0 tout moment. Les demandes peuvent \u00eatre adress\u00e9es par courrier \u00e9lectronique \u00e0 notre responsable de la protection des donn\u00e9es.<\/p>\n\n\n\n<p><\/p>","protected":false},"excerpt":{"rendered":"<p>Data Collection: We collect personal data (name, email, CV, etc.) for the purpose of providing recruitment services. Data Use and Sharing: Your data may be shared with prospective employers and related third parties, but only for recruitment purposes. Data Security: We are committed to protecting your personal data and comply with GDPR. Your data will&#8230;<\/p>","protected":false},"author":2,"featured_media":0,"parent":0,"menu_order":0,"comment_status":"closed","ping_status":"closed","template":"","meta":{"_kad_post_transparent":"","_kad_post_title":"","_kad_post_layout":"","_kad_post_sidebar_id":"","_kad_post_content_style":"","_kad_post_vertical_padding":"","_kad_post_feature":"","_kad_post_feature_position":"","_kad_post_header":false,"_kad_post_footer":false,"_kad_post_classname":"","footnotes":""},"class_list":["post-3","page","type-page","status-publish","hentry"],"_links":{"self":[{"href":"https:\/\/link-xperts.com\/fr\/wp-json\/wp\/v2\/pages\/3","targetHints":{"allow":["GET"]}}],"collection":[{"href":"https:\/\/link-xperts.com\/fr\/wp-json\/wp\/v2\/pages"}],"about":[{"href":"https:\/\/link-xperts.com\/fr\/wp-json\/wp\/v2\/types\/page"}],"author":[{"embeddable":true,"href":"https:\/\/link-xperts.com\/fr\/wp-json\/wp\/v2\/users\/2"}],"replies":[{"embeddable":true,"href":"https:\/\/link-xperts.com\/fr\/wp-json\/wp\/v2\/comments?post=3"}],"version-history":[{"count":0,"href":"https:\/\/link-xperts.com\/fr\/wp-json\/wp\/v2\/pages\/3\/revisions"}],"wp:attachment":[{"href":"https:\/\/link-xperts.com\/fr\/wp-json\/wp\/v2\/media?parent=3"}],"curies":[{"name":"wp","href":"https:\/\/api.w.org\/{rel}","templated":true}]}}