{"id":1916,"date":"2024-10-13T17:17:17","date_gmt":"2024-10-13T17:17:17","guid":{"rendered":"https:\/\/link-xperts.com\/?page_id=1916"},"modified":"2025-03-30T05:29:02","modified_gmt":"2025-03-30T05:29:02","slug":"terms-and-conditions","status":"publish","type":"page","link":"https:\/\/link-xperts.com\/fr\/terms-and-conditions\/","title":{"rendered":"Conditions g\u00e9n\u00e9rales d'utilisation"},"content":{"rendered":"<p><strong>Clause de non-responsabilit\u00e9 concernant les services<\/strong>: Link Xperts fournit des services de recrutement, mais nous ne garantissons pas l'emploi ou les r\u00e9sultats sp\u00e9cifiques de notre processus de mise en correspondance.<\/p>\n\n\n\n<p><strong>Limitation de la responsabilit\u00e9<\/strong>: Nous ne sommes pas responsables des dommages ou des probl\u00e8mes d\u00e9coulant du processus de recrutement ou des placements effectu\u00e9s par l'interm\u00e9diaire de nos services.<\/p>\n\n\n\n<p><strong>Pr\u00e9cision des donn\u00e9es<\/strong>: En soumettant vos coordonn\u00e9es, vous confirmez que les informations fournies sont exactes et \u00e0 jour.<\/p>\n\n\n\n<p><strong>Liens avec des tiers<\/strong>: Nous pouvons inclure des liens de tiers sur notre site. Link Xperts n'est pas responsable du contenu ou des services fournis par les sites externes.<\/p>\n\n\n\n<p><\/p>","protected":false},"excerpt":{"rendered":"<p>Service Disclaimer: Link Xperts provides recruitment services, but we do not guarantee employment or specific results from our matching process. Liability Limitation: We are not liable for any damages or issues arising from the recruitment process or placements made through our services. Data Accuracy: By submitting your details, you confirm that the information provided is&#8230;<\/p>","protected":false},"author":2,"featured_media":0,"parent":0,"menu_order":0,"comment_status":"closed","ping_status":"closed","template":"","meta":{"_kad_post_transparent":"","_kad_post_title":"","_kad_post_layout":"","_kad_post_sidebar_id":"","_kad_post_content_style":"","_kad_post_vertical_padding":"","_kad_post_feature":"","_kad_post_feature_position":"","_kad_post_header":false,"_kad_post_footer":false,"_kad_post_classname":"","footnotes":""},"class_list":["post-1916","page","type-page","status-publish","hentry"],"_links":{"self":[{"href":"https:\/\/link-xperts.com\/fr\/wp-json\/wp\/v2\/pages\/1916","targetHints":{"allow":["GET"]}}],"collection":[{"href":"https:\/\/link-xperts.com\/fr\/wp-json\/wp\/v2\/pages"}],"about":[{"href":"https:\/\/link-xperts.com\/fr\/wp-json\/wp\/v2\/types\/page"}],"author":[{"embeddable":true,"href":"https:\/\/link-xperts.com\/fr\/wp-json\/wp\/v2\/users\/2"}],"replies":[{"embeddable":true,"href":"https:\/\/link-xperts.com\/fr\/wp-json\/wp\/v2\/comments?post=1916"}],"version-history":[{"count":0,"href":"https:\/\/link-xperts.com\/fr\/wp-json\/wp\/v2\/pages\/1916\/revisions"}],"wp:attachment":[{"href":"https:\/\/link-xperts.com\/fr\/wp-json\/wp\/v2\/media?parent=1916"}],"curies":[{"name":"wp","href":"https:\/\/api.w.org\/{rel}","templated":true}]}}