{"id":1765,"date":"2024-10-12T05:14:17","date_gmt":"2024-10-12T05:14:17","guid":{"rendered":"https:\/\/link-xperts.com\/?page_id=1765"},"modified":"2025-03-30T04:49:41","modified_gmt":"2025-03-30T04:49:41","slug":"blog-and-articles","status":"publish","type":"page","link":"https:\/\/link-xperts.com\/fr\/blog-and-articles\/","title":{"rendered":"Blog"},"content":{"rendered":"<div data-elementor-type=\"wp-page\" data-elementor-id=\"1765\" class=\"elementor elementor-1765\" data-elementor-post-type=\"page\">\n\t\t\t\t<div class=\"elementor-element elementor-element-a9867ac e-flex e-con-boxed e-con e-parent\" data-id=\"a9867ac\" data-element_type=\"container\" data-e-type=\"container\" data-settings=\"{&quot;background_background&quot;:&quot;classic&quot;}\">\n\t\t\t\t\t<div class=\"e-con-inner\">\n\t\t<div class=\"elementor-element elementor-element-d124f7d e-con-full e-flex e-con e-child\" data-id=\"d124f7d\" data-element_type=\"container\" data-e-type=\"container\">\n\t\t\t\t<div class=\"elementor-element elementor-element-b9c4a38 elementor-widget elementor-widget-heading\" data-id=\"b9c4a38\" data-element_type=\"widget\" data-e-type=\"widget\" data-widget_type=\"heading.default\">\n\t\t\t\t<div class=\"elementor-widget-container\">\n\t\t\t\t\t<h1 class=\"elementor-heading-title elementor-size-default\">Blogs<\/h1>\t\t\t\t<\/div>\n\t\t\t\t<\/div>\n\t\t\t\t<\/div>\n\t\t\t\t\t<\/div>\n\t\t\t\t<\/div>\n\t\t<div class=\"elementor-element elementor-element-b0a8c6e e-flex e-con-boxed e-con e-parent\" data-id=\"b0a8c6e\" data-element_type=\"container\" data-e-type=\"container\" data-settings=\"{&quot;background_background&quot;:&quot;classic&quot;}\">\n\t\t\t\t\t<div class=\"e-con-inner\">\n\t\t\t\t<div class=\"elementor-element elementor-element-953a045 elementor-widget elementor-widget-heading\" data-id=\"953a045\" data-element_type=\"widget\" data-e-type=\"widget\" data-widget_type=\"heading.default\">\n\t\t\t\t<div class=\"elementor-widget-container\">\n\t\t\t\t\t<h2 class=\"elementor-heading-title elementor-size-default\">Blogs des clients<\/h2>\t\t\t\t<\/div>\n\t\t\t\t<\/div>\n\t\t\t\t<div class=\"elementor-element elementor-element-a84d611 elementor-grid-3 elementor-grid-tablet-2 elementor-grid-mobile-1 elementor-posts--thumbnail-top elementor-card-shadow-yes elementor-posts__hover-gradient elementor-widget elementor-widget-posts\" data-id=\"a84d611\" data-element_type=\"widget\" data-e-type=\"widget\" data-settings=\"{&quot;cards_columns&quot;:&quot;3&quot;,&quot;cards_columns_tablet&quot;:&quot;2&quot;,&quot;cards_columns_mobile&quot;:&quot;1&quot;,&quot;cards_row_gap&quot;:{&quot;unit&quot;:&quot;px&quot;,&quot;size&quot;:35,&quot;sizes&quot;:[]},&quot;cards_row_gap_tablet&quot;:{&quot;unit&quot;:&quot;px&quot;,&quot;size&quot;:&quot;&quot;,&quot;sizes&quot;:[]},&quot;cards_row_gap_mobile&quot;:{&quot;unit&quot;:&quot;px&quot;,&quot;size&quot;:&quot;&quot;,&quot;sizes&quot;:[]}}\" data-widget_type=\"posts.cards\">\n\t\t\t\t<div class=\"elementor-widget-container\">\n\t\t\t\t\t\t\t<div class=\"elementor-posts-container elementor-posts elementor-posts--skin-cards elementor-grid\">\n\t\t\t\t<article class=\"elementor-post elementor-grid-item post-1800 post type-post status-publish format-standard has-post-thumbnail hentry category-clients-blog\">\n\t\t\t<div class=\"elementor-post__card\">\n\t\t\t\t<a class=\"elementor-post__thumbnail__link\" href=\"https:\/\/link-xperts.com\/fr\/the-perfect-d365-power-platform-candidate\/\" tabindex=\"-1\" ><div class=\"elementor-post__thumbnail\"><img fetchpriority=\"high\" decoding=\"async\" width=\"768\" height=\"432\" src=\"https:\/\/link-xperts.com\/wp-content\/uploads\/2024\/10\/National-Unicorn-Day-2024-768x432.jpg\" class=\"attachment-medium_large size-medium_large wp-image-1899\" alt=\"\" srcset=\"https:\/\/link-xperts.com\/wp-content\/uploads\/2024\/10\/National-Unicorn-Day-2024-768x432.jpg 768w, https:\/\/link-xperts.com\/wp-content\/uploads\/2024\/10\/National-Unicorn-Day-2024-300x169.jpg 300w, https:\/\/link-xperts.com\/wp-content\/uploads\/2024\/10\/National-Unicorn-Day-2024-1024x576.jpg 1024w, https:\/\/link-xperts.com\/wp-content\/uploads\/2024\/10\/National-Unicorn-Day-2024.jpg 1200w\" sizes=\"(max-width: 768px) 100vw, 768px\" title=\"\"><\/div><\/a>\n\t\t\t\t<div class=\"elementor-post__text\">\n\t\t\t\t<h3 class=\"elementor-post__title\">\n\t\t\t<a href=\"https:\/\/link-xperts.com\/fr\/the-perfect-d365-power-platform-candidate\/\" >\n\t\t\t\tArr\u00eatez de chasser les licornes : Le mythe du candidat \"parfait\" pour D365\/Power Platform\t\t\t<\/a>\n\t\t<\/h3>\n\t\t\t\t<\/div>\n\t\t\t\t\t<\/div>\n\t\t<\/article>\n\t\t\t\t<article class=\"elementor-post elementor-grid-item post-1797 post type-post status-publish format-standard has-post-thumbnail hentry category-clients-blog\">\n\t\t\t<div class=\"elementor-post__card\">\n\t\t\t\t<a class=\"elementor-post__thumbnail__link\" href=\"https:\/\/link-xperts.com\/fr\/common-hiring-manager-mistakes\/\" tabindex=\"-1\" ><div class=\"elementor-post__thumbnail\"><img decoding=\"async\" width=\"768\" height=\"432\" src=\"https:\/\/link-xperts.com\/wp-content\/uploads\/2024\/10\/Mar22_25_1368404086-768x432.jpg\" class=\"attachment-medium_large size-medium_large wp-image-1798\" alt=\"\" srcset=\"https:\/\/link-xperts.com\/wp-content\/uploads\/2024\/10\/Mar22_25_1368404086-768x432.jpg 768w, https:\/\/link-xperts.com\/wp-content\/uploads\/2024\/10\/Mar22_25_1368404086-300x169.jpg 300w, https:\/\/link-xperts.com\/wp-content\/uploads\/2024\/10\/Mar22_25_1368404086-1024x576.jpg 1024w, https:\/\/link-xperts.com\/wp-content\/uploads\/2024\/10\/Mar22_25_1368404086.jpg 1200w\" sizes=\"(max-width: 768px) 100vw, 768px\" title=\"\"><\/div><\/a>\n\t\t\t\t<div class=\"elementor-post__text\">\n\t\t\t\t<h3 class=\"elementor-post__title\">\n\t\t\t<a href=\"https:\/\/link-xperts.com\/fr\/common-hiring-manager-mistakes\/\" >\n\t\t\t\tLes erreurs courantes des responsables du recrutement qui sabotent le recrutement\t\t\t<\/a>\n\t\t<\/h3>\n\t\t\t\t<\/div>\n\t\t\t\t\t<\/div>\n\t\t<\/article>\n\t\t\t\t<\/div>\n\t\t\n\t\t\t\t\t\t<\/div>\n\t\t\t\t<\/div>\n\t\t\t\t<div class=\"elementor-element elementor-element-5a37dec elementor-align-center elementor-widget elementor-widget-button\" data-id=\"5a37dec\" data-element_type=\"widget\" data-e-type=\"widget\" data-widget_type=\"button.default\">\n\t\t\t\t<div class=\"elementor-widget-container\">\n\t\t\t\t\t\t\t\t\t<div class=\"elementor-button-wrapper\">\n\t\t\t\t\t<a class=\"elementor-button elementor-button-link elementor-size-sm elementor-animation-grow\" href=\"https:\/\/link-xperts.com\/fr\/category\/clients-blog\/\">\n\t\t\t\t\t\t<span class=\"elementor-button-content-wrapper\">\n\t\t\t\t\t\t\t\t\t<span class=\"elementor-button-text\">Voir tous les blogs<\/span>\n\t\t\t\t\t<\/span>\n\t\t\t\t\t<\/a>\n\t\t\t\t<\/div>\n\t\t\t\t\t\t\t\t<\/div>\n\t\t\t\t<\/div>\n\t\t\t\t\t<\/div>\n\t\t\t\t<\/div>\n\t\t<div class=\"elementor-element elementor-element-2bb6673 e-flex e-con-boxed e-con e-parent\" data-id=\"2bb6673\" data-element_type=\"container\" data-e-type=\"container\" data-settings=\"{&quot;background_background&quot;:&quot;classic&quot;}\">\n\t\t\t\t\t<div class=\"e-con-inner\">\n\t\t\t\t<div class=\"elementor-element elementor-element-f4b9afa elementor-widget elementor-widget-heading\" data-id=\"f4b9afa\" data-element_type=\"widget\" data-e-type=\"widget\" data-widget_type=\"heading.default\">\n\t\t\t\t<div class=\"elementor-widget-container\">\n\t\t\t\t\t<h2 class=\"elementor-heading-title elementor-size-default\">Blogs des candidats<\/h2>\t\t\t\t<\/div>\n\t\t\t\t<\/div>\n\t\t\t\t<div class=\"elementor-element elementor-element-39af9fc elementor-grid-3 elementor-grid-tablet-2 elementor-grid-mobile-1 elementor-posts--thumbnail-top elementor-card-shadow-yes elementor-posts__hover-gradient elementor-widget elementor-widget-posts\" data-id=\"39af9fc\" data-element_type=\"widget\" data-e-type=\"widget\" data-settings=\"{&quot;cards_columns&quot;:&quot;3&quot;,&quot;cards_columns_tablet&quot;:&quot;2&quot;,&quot;cards_columns_mobile&quot;:&quot;1&quot;,&quot;cards_row_gap&quot;:{&quot;unit&quot;:&quot;px&quot;,&quot;size&quot;:35,&quot;sizes&quot;:[]},&quot;cards_row_gap_tablet&quot;:{&quot;unit&quot;:&quot;px&quot;,&quot;size&quot;:&quot;&quot;,&quot;sizes&quot;:[]},&quot;cards_row_gap_mobile&quot;:{&quot;unit&quot;:&quot;px&quot;,&quot;size&quot;:&quot;&quot;,&quot;sizes&quot;:[]}}\" data-widget_type=\"posts.cards\">\n\t\t\t\t<div class=\"elementor-widget-container\">\n\t\t\t\t\t\t\t<div class=\"elementor-posts-container elementor-posts elementor-posts--skin-cards elementor-grid\">\n\t\t\t\t<article class=\"elementor-post elementor-grid-item post-1794 post type-post status-publish format-standard has-post-thumbnail hentry category-candidates-blog\">\n\t\t\t<div class=\"elementor-post__card\">\n\t\t\t\t<a class=\"elementor-post__thumbnail__link\" href=\"https:\/\/link-xperts.com\/fr\/are-microsoft-certifications-truly-valuable\/\" tabindex=\"-1\" ><div class=\"elementor-post__thumbnail\"><img decoding=\"async\" width=\"750\" height=\"354\" src=\"https:\/\/link-xperts.com\/wp-content\/uploads\/2024\/10\/microsoft_role_based_certifications.png\" class=\"attachment-medium_large size-medium_large wp-image-1903\" alt=\"\" srcset=\"https:\/\/link-xperts.com\/wp-content\/uploads\/2024\/10\/microsoft_role_based_certifications.png 750w, https:\/\/link-xperts.com\/wp-content\/uploads\/2024\/10\/microsoft_role_based_certifications-300x142.png 300w\" sizes=\"(max-width: 750px) 100vw, 750px\" title=\"\"><\/div><\/a>\n\t\t\t\t<div class=\"elementor-post__text\">\n\t\t\t\t<h3 class=\"elementor-post__title\">\n\t\t\t<a href=\"https:\/\/link-xperts.com\/fr\/are-microsoft-certifications-truly-valuable\/\" >\n\t\t\t\tLes certifications Microsoft ont-elles une r\u00e9elle valeur ou ne sont-elles qu'une source de revenus ?\t\t\t<\/a>\n\t\t<\/h3>\n\t\t\t\t<\/div>\n\t\t\t\t\t<\/div>\n\t\t<\/article>\n\t\t\t\t<article class=\"elementor-post elementor-grid-item post-1790 post type-post status-publish format-standard has-post-thumbnail hentry category-candidates-blog\">\n\t\t\t<div class=\"elementor-post__card\">\n\t\t\t\t<a class=\"elementor-post__thumbnail__link\" href=\"https:\/\/link-xperts.com\/fr\/loyalty-vs-job-hopping\/\" tabindex=\"-1\" ><div class=\"elementor-post__thumbnail\"><img loading=\"lazy\" decoding=\"async\" width=\"768\" height=\"240\" src=\"https:\/\/link-xperts.com\/wp-content\/uploads\/2021\/01\/pexels-matthias-zomer-618158-768x240.jpg\" class=\"attachment-medium_large size-medium_large wp-image-667\" alt=\"\" srcset=\"https:\/\/link-xperts.com\/wp-content\/uploads\/2021\/01\/pexels-matthias-zomer-618158-768x240.jpg 768w, https:\/\/link-xperts.com\/wp-content\/uploads\/2021\/01\/pexels-matthias-zomer-618158-300x94.jpg 300w, https:\/\/link-xperts.com\/wp-content\/uploads\/2021\/01\/pexels-matthias-zomer-618158-1024x320.jpg 1024w, https:\/\/link-xperts.com\/wp-content\/uploads\/2021\/01\/pexels-matthias-zomer-618158-1536x480.jpg 1536w, https:\/\/link-xperts.com\/wp-content\/uploads\/2021\/01\/pexels-matthias-zomer-618158.jpg 1600w\" sizes=\"(max-width: 768px) 100vw, 768px\" title=\"\"><\/div><\/a>\n\t\t\t\t<div class=\"elementor-post__text\">\n\t\t\t\t<h3 class=\"elementor-post__title\">\n\t\t\t<a href=\"https:\/\/link-xperts.com\/fr\/loyalty-vs-job-hopping\/\" >\n\t\t\t\tFid\u00e9lit\u00e9 ou changement d'emploi : Trouver le bon \u00e9quilibre professionnel\t\t\t<\/a>\n\t\t<\/h3>\n\t\t\t\t<\/div>\n\t\t\t\t\t<\/div>\n\t\t<\/article>\n\t\t\t\t<\/div>\n\t\t\n\t\t\t\t\t\t<\/div>\n\t\t\t\t<\/div>\n\t\t\t\t<div class=\"elementor-element elementor-element-32f29ff elementor-align-center elementor-widget elementor-widget-button\" data-id=\"32f29ff\" data-element_type=\"widget\" data-e-type=\"widget\" data-widget_type=\"button.default\">\n\t\t\t\t<div class=\"elementor-widget-container\">\n\t\t\t\t\t\t\t\t\t<div class=\"elementor-button-wrapper\">\n\t\t\t\t\t<a class=\"elementor-button elementor-button-link elementor-size-sm elementor-animation-grow\" href=\"https:\/\/link-xperts.com\/fr\/category\/candidates-blog\/\">\n\t\t\t\t\t\t<span class=\"elementor-button-content-wrapper\">\n\t\t\t\t\t\t\t\t\t<span class=\"elementor-button-text\">Voir tous les blogs<\/span>\n\t\t\t\t\t<\/span>\n\t\t\t\t\t<\/a>\n\t\t\t\t<\/div>\n\t\t\t\t\t\t\t\t<\/div>\n\t\t\t\t<\/div>\n\t\t\t\t\t<\/div>\n\t\t\t\t<\/div>\n\t\t\t\t<\/div>","protected":false},"excerpt":{"rendered":"<p>Blogs Client Blogs View All Blog Candidate Blogs View All Blog<\/p>","protected":false},"author":2,"featured_media":0,"parent":0,"menu_order":0,"comment_status":"closed","ping_status":"closed","template":"","meta":{"_kad_post_transparent":"","_kad_post_title":"hide","_kad_post_layout":"fullwidth","_kad_post_sidebar_id":"","_kad_post_content_style":"unboxed","_kad_post_vertical_padding":"hide","_kad_post_feature":"hide","_kad_post_feature_position":"","_kad_post_header":false,"_kad_post_footer":false,"_kad_post_classname":"","footnotes":""},"class_list":["post-1765","page","type-page","status-publish","hentry"],"_links":{"self":[{"href":"https:\/\/link-xperts.com\/fr\/wp-json\/wp\/v2\/pages\/1765","targetHints":{"allow":["GET"]}}],"collection":[{"href":"https:\/\/link-xperts.com\/fr\/wp-json\/wp\/v2\/pages"}],"about":[{"href":"https:\/\/link-xperts.com\/fr\/wp-json\/wp\/v2\/types\/page"}],"author":[{"embeddable":true,"href":"https:\/\/link-xperts.com\/fr\/wp-json\/wp\/v2\/users\/2"}],"replies":[{"embeddable":true,"href":"https:\/\/link-xperts.com\/fr\/wp-json\/wp\/v2\/comments?post=1765"}],"version-history":[{"count":0,"href":"https:\/\/link-xperts.com\/fr\/wp-json\/wp\/v2\/pages\/1765\/revisions"}],"wp:attachment":[{"href":"https:\/\/link-xperts.com\/fr\/wp-json\/wp\/v2\/media?parent=1765"}],"curies":[{"name":"wp","href":"https:\/\/api.w.org\/{rel}","templated":true}]}}