{"id":3,"date":"2024-09-28T04:25:57","date_gmt":"2024-09-28T04:25:57","guid":{"rendered":"https:\/\/link-xperts.com\/?page_id=3"},"modified":"2025-03-30T05:38:05","modified_gmt":"2025-03-30T05:38:05","slug":"privacy-policy","status":"publish","type":"page","link":"https:\/\/link-xperts.com\/es\/privacy-policy\/","title":{"rendered":"Pol\u00edtica de privacidad"},"content":{"rendered":"<p><strong>Recogida de datos<\/strong>: Recogemos datos personales (nombre, correo electr\u00f3nico, CV, etc.) con el fin de prestar servicios de contrataci\u00f3n.<\/p>\n\n\n\n<p><strong>Uso e intercambio de datos<\/strong>: Sus datos podr\u00e1n compartirse con posibles empleadores y terceros relacionados, pero s\u00f3lo con fines de contrataci\u00f3n.<\/p>\n\n\n\n<p><strong>Seguridad de los datos<\/strong>: Estamos comprometidos con la protecci\u00f3n de sus datos personales y cumplimos con <strong>GDPR<\/strong>. Sus datos se almacenar\u00e1n de forma segura y s\u00f3lo se utilizar\u00e1n para actividades de contrataci\u00f3n.<\/p>\n\n\n\n<p><strong>Derechos de los usuarios<\/strong>: Tiene derecho a acceder, modificar o solicitar la supresi\u00f3n de sus datos personales en cualquier momento. Las solicitudes pueden enviarse por correo electr\u00f3nico a nuestro responsable de protecci\u00f3n de datos.<\/p>\n\n\n\n<p><\/p>","protected":false},"excerpt":{"rendered":"<p>Data Collection: We collect personal data (name, email, CV, etc.) for the purpose of providing recruitment services. Data Use and Sharing: Your data may be shared with prospective employers and related third parties, but only for recruitment purposes. Data Security: We are committed to protecting your personal data and comply with GDPR. Your data will&#8230;<\/p>","protected":false},"author":2,"featured_media":0,"parent":0,"menu_order":0,"comment_status":"closed","ping_status":"closed","template":"","meta":{"_kad_post_transparent":"","_kad_post_title":"","_kad_post_layout":"","_kad_post_sidebar_id":"","_kad_post_content_style":"","_kad_post_vertical_padding":"","_kad_post_feature":"","_kad_post_feature_position":"","_kad_post_header":false,"_kad_post_footer":false,"_kad_post_classname":"","footnotes":""},"class_list":["post-3","page","type-page","status-publish","hentry"],"_links":{"self":[{"href":"https:\/\/link-xperts.com\/es\/wp-json\/wp\/v2\/pages\/3","targetHints":{"allow":["GET"]}}],"collection":[{"href":"https:\/\/link-xperts.com\/es\/wp-json\/wp\/v2\/pages"}],"about":[{"href":"https:\/\/link-xperts.com\/es\/wp-json\/wp\/v2\/types\/page"}],"author":[{"embeddable":true,"href":"https:\/\/link-xperts.com\/es\/wp-json\/wp\/v2\/users\/2"}],"replies":[{"embeddable":true,"href":"https:\/\/link-xperts.com\/es\/wp-json\/wp\/v2\/comments?post=3"}],"version-history":[{"count":0,"href":"https:\/\/link-xperts.com\/es\/wp-json\/wp\/v2\/pages\/3\/revisions"}],"wp:attachment":[{"href":"https:\/\/link-xperts.com\/es\/wp-json\/wp\/v2\/media?parent=3"}],"curies":[{"name":"wp","href":"https:\/\/api.w.org\/{rel}","templated":true}]}}