{"id":3,"date":"2024-09-28T04:25:57","date_gmt":"2024-09-28T04:25:57","guid":{"rendered":"https:\/\/link-xperts.com\/?page_id=3"},"modified":"2025-03-30T05:38:05","modified_gmt":"2025-03-30T05:38:05","slug":"privacy-policy","status":"publish","type":"page","link":"https:\/\/link-xperts.com\/de\/privacy-policy\/","title":{"rendered":"Datenschutzbestimmungen"},"content":{"rendered":"<p><strong>Datenerhebung<\/strong>: Wir erheben personenbezogene Daten (Name, E-Mail, Lebenslauf usw.) zum Zweck der Erbringung von Rekrutierungsdienstleistungen.<\/p>\n\n\n\n<p><strong>Nutzung und Weitergabe von Daten<\/strong>: Ihre Daten k\u00f6nnen an potenzielle Arbeitgeber und damit verbundene Dritte weitergegeben werden, jedoch nur zu Einstellungszwecken.<\/p>\n\n\n\n<p><strong>Datensicherheit<\/strong>: Wir verpflichten uns zum Schutz Ihrer pers\u00f6nlichen Daten und halten uns an die <strong>GDPR<\/strong>. Ihre Daten werden sicher gespeichert und nur f\u00fcr Einstellungszwecke verwendet.<\/p>\n\n\n\n<p><strong>Benutzerrechte<\/strong>: Sie haben jederzeit das Recht, Ihre pers\u00f6nlichen Daten einzusehen, zu \u00e4ndern oder deren L\u00f6schung zu verlangen. Antr\u00e4ge k\u00f6nnen per E-Mail an unseren Datenschutzbeauftragten gestellt werden.<\/p>\n\n\n\n<p><\/p>","protected":false},"excerpt":{"rendered":"<p>Data Collection: We collect personal data (name, email, CV, etc.) for the purpose of providing recruitment services. Data Use and Sharing: Your data may be shared with prospective employers and related third parties, but only for recruitment purposes. Data Security: We are committed to protecting your personal data and comply with GDPR. Your data will&#8230;<\/p>","protected":false},"author":2,"featured_media":0,"parent":0,"menu_order":0,"comment_status":"closed","ping_status":"closed","template":"","meta":{"_kad_post_transparent":"","_kad_post_title":"","_kad_post_layout":"","_kad_post_sidebar_id":"","_kad_post_content_style":"","_kad_post_vertical_padding":"","_kad_post_feature":"","_kad_post_feature_position":"","_kad_post_header":false,"_kad_post_footer":false,"_kad_post_classname":"","footnotes":""},"class_list":["post-3","page","type-page","status-publish","hentry"],"_links":{"self":[{"href":"https:\/\/link-xperts.com\/de\/wp-json\/wp\/v2\/pages\/3","targetHints":{"allow":["GET"]}}],"collection":[{"href":"https:\/\/link-xperts.com\/de\/wp-json\/wp\/v2\/pages"}],"about":[{"href":"https:\/\/link-xperts.com\/de\/wp-json\/wp\/v2\/types\/page"}],"author":[{"embeddable":true,"href":"https:\/\/link-xperts.com\/de\/wp-json\/wp\/v2\/users\/2"}],"replies":[{"embeddable":true,"href":"https:\/\/link-xperts.com\/de\/wp-json\/wp\/v2\/comments?post=3"}],"version-history":[{"count":0,"href":"https:\/\/link-xperts.com\/de\/wp-json\/wp\/v2\/pages\/3\/revisions"}],"wp:attachment":[{"href":"https:\/\/link-xperts.com\/de\/wp-json\/wp\/v2\/media?parent=3"}],"curies":[{"name":"wp","href":"https:\/\/api.w.org\/{rel}","templated":true}]}}