{"id":1916,"date":"2024-10-13T17:17:17","date_gmt":"2024-10-13T17:17:17","guid":{"rendered":"https:\/\/link-xperts.com\/?page_id=1916"},"modified":"2025-03-30T05:29:02","modified_gmt":"2025-03-30T05:29:02","slug":"terms-and-conditions","status":"publish","type":"page","link":"https:\/\/link-xperts.com\/de\/terms-and-conditions\/","title":{"rendered":"Bedingungen und Konditionen"},"content":{"rendered":"<p><strong>Haftungsausschluss f\u00fcr Dienstleistungen<\/strong>: Link Xperts bietet Personalvermittlungsdienste an, aber wir \u00fcbernehmen keine Garantie f\u00fcr eine Anstellung oder bestimmte Ergebnisse aus unserem Matching-Prozess.<\/p>\n\n\n\n<p><strong>Beschr\u00e4nkung der Haftung<\/strong>: Wir haften nicht f\u00fcr Sch\u00e4den oder Probleme, die sich aus dem Rekrutierungsprozess oder der Vermittlung durch unsere Dienste ergeben.<\/p>\n\n\n\n<p><strong>Daten-Genauigkeit<\/strong>: Mit der \u00dcbermittlung Ihrer Daten best\u00e4tigen Sie, dass die von Ihnen gemachten Angaben richtig und auf dem neuesten Stand sind.<\/p>\n\n\n\n<p><strong>Links von Drittanbietern<\/strong>: Wir k\u00f6nnen Links von Dritten auf unserer Website einf\u00fcgen. Link Xperts ist nicht verantwortlich f\u00fcr den Inhalt oder die Dienstleistungen, die von externen Websites angeboten werden.<\/p>\n\n\n\n<p><\/p>","protected":false},"excerpt":{"rendered":"<p>Service Disclaimer: Link Xperts provides recruitment services, but we do not guarantee employment or specific results from our matching process. Liability Limitation: We are not liable for any damages or issues arising from the recruitment process or placements made through our services. Data Accuracy: By submitting your details, you confirm that the information provided is&#8230;<\/p>","protected":false},"author":2,"featured_media":0,"parent":0,"menu_order":0,"comment_status":"closed","ping_status":"closed","template":"","meta":{"_kad_post_transparent":"","_kad_post_title":"","_kad_post_layout":"","_kad_post_sidebar_id":"","_kad_post_content_style":"","_kad_post_vertical_padding":"","_kad_post_feature":"","_kad_post_feature_position":"","_kad_post_header":false,"_kad_post_footer":false,"_kad_post_classname":"","footnotes":""},"class_list":["post-1916","page","type-page","status-publish","hentry"],"_links":{"self":[{"href":"https:\/\/link-xperts.com\/de\/wp-json\/wp\/v2\/pages\/1916","targetHints":{"allow":["GET"]}}],"collection":[{"href":"https:\/\/link-xperts.com\/de\/wp-json\/wp\/v2\/pages"}],"about":[{"href":"https:\/\/link-xperts.com\/de\/wp-json\/wp\/v2\/types\/page"}],"author":[{"embeddable":true,"href":"https:\/\/link-xperts.com\/de\/wp-json\/wp\/v2\/users\/2"}],"replies":[{"embeddable":true,"href":"https:\/\/link-xperts.com\/de\/wp-json\/wp\/v2\/comments?post=1916"}],"version-history":[{"count":0,"href":"https:\/\/link-xperts.com\/de\/wp-json\/wp\/v2\/pages\/1916\/revisions"}],"wp:attachment":[{"href":"https:\/\/link-xperts.com\/de\/wp-json\/wp\/v2\/media?parent=1916"}],"curies":[{"name":"wp","href":"https:\/\/api.w.org\/{rel}","templated":true}]}}